{"id":2105,"date":"2019-06-16T12:41:42","date_gmt":"2019-06-16T10:41:42","guid":{"rendered":"https:\/\/alumnes.monlau.com\/material\/?page_id=2105"},"modified":"2019-06-20T12:18:43","modified_gmt":"2019-06-20T10:18:43","slug":"termes-i-condicions","status":"publish","type":"page","link":"https:\/\/alumnes.monlau.com\/material\/termes-i-condicions\/","title":{"rendered":"Termes i condicions"},"content":{"rendered":"<p>[et_pb_section fb_built=&#8221;1&#8243; _builder_version=&#8221;3.22.3&#8243;][et_pb_row _builder_version=&#8221;3.22.3&#8243; background_size=&#8221;initial&#8221; background_position=&#8221;top_left&#8221; background_repeat=&#8221;repeat&#8221;][et_pb_column type=&#8221;4_4&#8243; _builder_version=&#8221;3.0.47&#8243;][et_pb_text _builder_version=&#8221;3.6&#8243;]<\/p>\n<h1><strong>POL\u00cdTICA DE CANVIS I\/O DEVOLUCIONS<img loading=\"lazy\" decoding=\"async\" class=\"alignnone size-full wp-image-109 alignright\" src=\"https:\/\/alumnes.monlau.com\/botiga\/wp-content\/uploads\/2018\/06\/Sin-ti\u0301tulo1.png\" alt=\"\" width=\"104\" height=\"61\" \/> <\/strong><\/h1>\n<p><u>\u00a0<\/u><\/p>\n<p>Els canvis i devolucions s\u2019han de gestionar a trav\u00e9s del correu electr\u00f2nic <a href=\"mailto:materialescolar@monlau.com\">materialescolar@monlau.com<\/a> abans del 30 de setembre.<\/p>\n<p>&nbsp;<\/p>\n<p><strong>Condicions de canvis i\/o devolucions<\/strong><\/p>\n<p>Si un cop entregat el lot de material no queda satisfet\/a, Monlau li permet canviar la talla de l&#8217;article adquirit o tornar-lo, <strong><u>abans del 30 de setembre<\/u><\/strong>, sempre que el material o la pe\u00e7a no hagi estat usat o danyat. Aix\u00ed, Monlau no podr\u00e0 acceptar canvis ni devolucions de peces usades o danyades (sempre que no es tracti d&#8217;una tara). <u>Tota devoluci\u00f3 dels articles adquirits haur\u00e0 de ser entregada en bon estat i incloure el comprovant de pagament.<\/u><\/p>\n<p>&nbsp;<\/p>\n<p><strong>Reemborsaments<\/strong><br \/>Monlau acceptar\u00e0 devolucions sempre abans del 30 de setembre i per les causes seg\u00fcents:<\/p>\n<ul>\n<li>Alumne ha causat baixa i no ha arribat a utilitzar el material<\/li>\n<li>Error de talla, en cas d\u2019uniformitzaci\u00f3<\/li>\n<li>Error d\u2019adquisici\u00f3 de material, ja que l\u2019alumne finalment no cursar\u00e0 aquella mat\u00e8ria en concret (ex. convalidacions o canvi d\u2019itineraris\/ optatives).<\/li>\n<\/ul>\n<p>Un cop rebut el material, Monlau verificar\u00e0 que estiguin en bon estat i procedir\u00e0 a entregar, a l\u2019aula, el material o pe\u00e7a requerida si s&#8217;hagu\u00e9s sol\u00b7licitat un canvi o procedir\u00e0 al reemborsament de l&#8217;import en el mateix m\u00e8tode de pagament utilitzat en la compra en cas de devoluci\u00f3. El termini per al reemborsament pot oscil\u00b7lar entre 3 i 12 dies laborables des que la devoluci\u00f3 \u00e9s rebuda a Monlau Centre d\u2019Estudis. Un cop verificat l&#8217;estat dels articles retornats, s&#8217;informar\u00e0 al client via correu electr\u00f2nic.<\/p>\n<p>Esperem que sigui de la seva utilitat Per qualsevol dubte o aclariment ens pot enviar un correu electr\u00f2nic a <a href=\"mailto:materialescolar@monlau.com\">materialescolar@monlau.com<\/a><\/p>\n<p>&nbsp;<\/p>\n<p>Salutacions cordials,<\/p>\n<p>&nbsp;<\/p>\n<p>Departament d\u2019Informaci\u00f3 i Admissions<\/p>\n<p>Monlau Estudis Professionals<\/p>\n<p>&nbsp;<\/p>\n<p style=\"text-align: center;\">MONLAU\u00a0\u00a0 &#8211;\u00a0\u00a0 C\/Caracas, 35 &#8211; Tel. 93 2744700 &#8211; info@monlau.com\u00a0\u00a0 &#8211;\u00a0\u00a0 www.monlau.com<\/p>\n<p>[\/et_pb_text][\/et_pb_column][\/et_pb_row][\/et_pb_section]<\/p>\n","protected":false},"excerpt":{"rendered":"<p>POL\u00cdTICA DE CANVIS I\/O DEVOLUCIONS \u00a0 Els canvis i devolucions s\u2019han de gestionar a trav\u00e9s del correu electr\u00f2nic materialescolar@monlau.com abans del 30 de setembre. &nbsp; Condicions de canvis i\/o devolucions Si un cop entregat el lot de material no queda satisfet\/a, Monlau li permet canviar la talla de l&#8217;article adquirit o tornar-lo, abans del 30 [&hellip;]<\/p>\n","protected":false},"author":2,"featured_media":0,"parent":0,"menu_order":0,"comment_status":"closed","ping_status":"closed","template":"","meta":{"_et_pb_use_builder":"on","_et_pb_old_content":"","_et_gb_content_width":"","footnotes":""},"class_list":["post-2105","page","type-page","status-publish","hentry"],"_links":{"self":[{"href":"https:\/\/alumnes.monlau.com\/material\/wp-json\/wp\/v2\/pages\/2105","targetHints":{"allow":["GET"]}}],"collection":[{"href":"https:\/\/alumnes.monlau.com\/material\/wp-json\/wp\/v2\/pages"}],"about":[{"href":"https:\/\/alumnes.monlau.com\/material\/wp-json\/wp\/v2\/types\/page"}],"author":[{"embeddable":true,"href":"https:\/\/alumnes.monlau.com\/material\/wp-json\/wp\/v2\/users\/2"}],"replies":[{"embeddable":true,"href":"https:\/\/alumnes.monlau.com\/material\/wp-json\/wp\/v2\/comments?post=2105"}],"version-history":[{"count":0,"href":"https:\/\/alumnes.monlau.com\/material\/wp-json\/wp\/v2\/pages\/2105\/revisions"}],"wp:attachment":[{"href":"https:\/\/alumnes.monlau.com\/material\/wp-json\/wp\/v2\/media?parent=2105"}],"curies":[{"name":"wp","href":"https:\/\/api.w.org\/{rel}","templated":true}]}}