{"id":162904,"date":"2024-06-10T13:06:30","date_gmt":"2024-06-10T11:06:30","guid":{"rendered":"https:\/\/alumnes.monlau.com\/material\/?post_type=product&#038;p=162904"},"modified":"2025-07-15T07:50:33","modified_gmt":"2025-07-15T07:50:33","slug":"situacio-geografia-i-historia-4-llibre-de-consulta-quadern-daprenentatgedigital","status":"publish","type":"product","link":"https:\/\/alumnes.monlau.com\/material\/producte\/situacio-geografia-i-historia-4-llibre-de-consulta-quadern-daprenentatgedigital\/","title":{"rendered":"Situaci\u00f3 Geograf\u00eda i Hist\u00f2ria 4 Llibre de consulta + quadern d&#8217;aprenentatge+digital"},"content":{"rendered":"","protected":false},"excerpt":{"rendered":"","protected":false},"featured_media":0,"template":"","meta":{"_et_pb_use_builder":"","_et_pb_old_content":"","_et_gb_content_width":""},"product_brand":[],"product_cat":[145,134],"product_tag":[],"class_list":{"0":"post-162904","1":"product","2":"type-product","3":"status-publish","5":"product_cat-4-eso","6":"product_cat-eso","8":"first","9":"instock","10":"taxable","11":"shipping-taxable","12":"purchasable","13":"product-type-simple"},"bundled_by":[],"bundle_stock_status":"instock","bundle_stock_quantity":200,"bundle_virtual":false,"bundle_layout":"","bundle_add_to_cart_form_location":"","bundle_editable_in_cart":false,"bundle_sold_individually_context":"","bundle_item_grouping":"","bundle_min_size":"","bundle_max_size":"","bundle_price":[],"bundled_items":[],"bundle_sell_ids":[],"_links":{"self":[{"href":"https:\/\/alumnes.monlau.com\/material\/wp-json\/wp\/v2\/product\/162904","targetHints":{"allow":["GET"]}}],"collection":[{"href":"https:\/\/alumnes.monlau.com\/material\/wp-json\/wp\/v2\/product"}],"about":[{"href":"https:\/\/alumnes.monlau.com\/material\/wp-json\/wp\/v2\/types\/product"}],"wp:attachment":[{"href":"https:\/\/alumnes.monlau.com\/material\/wp-json\/wp\/v2\/media?parent=162904"}],"wp:term":[{"taxonomy":"product_brand","embeddable":true,"href":"https:\/\/alumnes.monlau.com\/material\/wp-json\/wp\/v2\/product_brand?post=162904"},{"taxonomy":"product_cat","embeddable":true,"href":"https:\/\/alumnes.monlau.com\/material\/wp-json\/wp\/v2\/product_cat?post=162904"},{"taxonomy":"product_tag","embeddable":true,"href":"https:\/\/alumnes.monlau.com\/material\/wp-json\/wp\/v2\/product_tag?post=162904"}],"curies":[{"name":"wp","href":"https:\/\/api.w.org\/{rel}","templated":true}]}}