{"id":2059,"date":"2019-06-15T12:29:23","date_gmt":"2019-06-15T10:29:23","guid":{"rendered":"https:\/\/alumnes.monlau.com\/material\/?product=historia-lart-en-la-historia-contemporania-serie-descobreix-saber-fer-4-eso"},"modified":"2025-03-13T05:41:16","modified_gmt":"2025-03-13T05:41:15","slug":"historia-lart-en-la-historia-contemporania-serie-descobreix-saber-fer-4-eso","status":"publish","type":"product","link":"https:\/\/alumnes.monlau.com\/material\/producte\/historia-lart-en-la-historia-contemporania-serie-descobreix-saber-fer-4-eso\/","title":{"rendered":"HIST\u00d2RIA + L`ART EN LA HIST\u00d2RIA CONTEMPOR\u00c0NIA  S\u00c8RIE DESCOBREIX SABER FER 4 ESO"},"content":{"rendered":"","protected":false},"excerpt":{"rendered":"<p><strong>ISBN\u00a0<\/strong>&#8211; 9788491302780 \/\u00a0<strong>EDITORIAL\u00a0<\/strong>&#8211; SANTILLANA<\/p>\n","protected":false},"featured_media":11207,"template":"","meta":{"_et_pb_use_builder":"","_et_pb_old_content":"","_et_gb_content_width":""},"product_brand":[],"product_cat":[145,134],"product_tag":[46],"class_list":{"0":"post-2059","1":"product","2":"type-product","3":"status-publish","4":"has-post-thumbnail","6":"product_cat-4-eso","7":"product_cat-eso","8":"product_tag-santillana","10":"first","11":"onbackorder","12":"taxable","13":"shipping-taxable","14":"purchasable","15":"product-type-simple"},"bundled_by":[],"bundle_stock_status":"onbackorder","bundle_stock_quantity":0,"bundle_virtual":false,"bundle_layout":"","bundle_add_to_cart_form_location":"","bundle_editable_in_cart":false,"bundle_sold_individually_context":"","bundle_item_grouping":"","bundle_min_size":"","bundle_max_size":"","bundle_price":[],"bundled_items":[],"bundle_sell_ids":[],"_links":{"self":[{"href":"https:\/\/alumnes.monlau.com\/material\/wp-json\/wp\/v2\/product\/2059","targetHints":{"allow":["GET"]}}],"collection":[{"href":"https:\/\/alumnes.monlau.com\/material\/wp-json\/wp\/v2\/product"}],"about":[{"href":"https:\/\/alumnes.monlau.com\/material\/wp-json\/wp\/v2\/types\/product"}],"wp:featuredmedia":[{"embeddable":true,"href":"https:\/\/alumnes.monlau.com\/material\/wp-json\/wp\/v2\/media\/11207"}],"wp:attachment":[{"href":"https:\/\/alumnes.monlau.com\/material\/wp-json\/wp\/v2\/media?parent=2059"}],"wp:term":[{"taxonomy":"product_brand","embeddable":true,"href":"https:\/\/alumnes.monlau.com\/material\/wp-json\/wp\/v2\/product_brand?post=2059"},{"taxonomy":"product_cat","embeddable":true,"href":"https:\/\/alumnes.monlau.com\/material\/wp-json\/wp\/v2\/product_cat?post=2059"},{"taxonomy":"product_tag","embeddable":true,"href":"https:\/\/alumnes.monlau.com\/material\/wp-json\/wp\/v2\/product_tag?post=2059"}],"curies":[{"name":"wp","href":"https:\/\/api.w.org\/{rel}","templated":true}]}}