{"id":2062,"date":"2019-06-15T12:29:25","date_gmt":"2019-06-15T10:29:25","guid":{"rendered":"https:\/\/alumnes.monlau.com\/material\/?product=a1-cest-a-dire-serie-lycee-cahier-dexercices"},"modified":"2023-06-07T06:36:39","modified_gmt":"2023-06-07T06:36:39","slug":"a1-cest-a-dire-serie-lycee-cahier-dexercices","status":"publish","type":"product","link":"https:\/\/alumnes.monlau.com\/material\/producte\/a1-cest-a-dire-serie-lycee-cahier-dexercices\/","title":{"rendered":"A1 C`EST \u00c0 DIRE!  S\u00c9RIE LYC\u00c9E  CAHIER D`EXERCICES"},"content":{"rendered":"","protected":false},"excerpt":{"rendered":"<p><strong>ISBN\u00a0<\/strong>&#8211; 9788492729647 \/\u00a0<strong>EDITORIAL\u00a0<\/strong>&#8211; SANTILLANA<\/p>\n","protected":false},"featured_media":0,"template":"","meta":{"_et_pb_use_builder":"","_et_pb_old_content":"","_et_gb_content_width":""},"product_brand":[],"product_cat":[145,174,134],"product_tag":[46],"class_list":{"0":"post-2062","1":"product","2":"type-product","3":"status-publish","5":"product_cat-4-eso","6":"product_cat-4-eso-optatives","7":"product_cat-eso","8":"product_tag-santillana","10":"first","11":"outofstock","12":"taxable","13":"shipping-taxable","14":"purchasable","15":"product-type-simple"},"bundled_by":[],"bundle_stock_status":"outofstock","bundle_stock_quantity":null,"bundle_virtual":false,"bundle_layout":"","bundle_add_to_cart_form_location":"","bundle_editable_in_cart":false,"bundle_sold_individually_context":"","bundle_item_grouping":"","bundle_min_size":"","bundle_max_size":"","bundle_price":[],"bundled_items":[],"bundle_sell_ids":[],"_links":{"self":[{"href":"https:\/\/alumnes.monlau.com\/material\/wp-json\/wp\/v2\/product\/2062","targetHints":{"allow":["GET"]}}],"collection":[{"href":"https:\/\/alumnes.monlau.com\/material\/wp-json\/wp\/v2\/product"}],"about":[{"href":"https:\/\/alumnes.monlau.com\/material\/wp-json\/wp\/v2\/types\/product"}],"wp:attachment":[{"href":"https:\/\/alumnes.monlau.com\/material\/wp-json\/wp\/v2\/media?parent=2062"}],"wp:term":[{"taxonomy":"product_brand","embeddable":true,"href":"https:\/\/alumnes.monlau.com\/material\/wp-json\/wp\/v2\/product_brand?post=2062"},{"taxonomy":"product_cat","embeddable":true,"href":"https:\/\/alumnes.monlau.com\/material\/wp-json\/wp\/v2\/product_cat?post=2062"},{"taxonomy":"product_tag","embeddable":true,"href":"https:\/\/alumnes.monlau.com\/material\/wp-json\/wp\/v2\/product_tag?post=2062"}],"curies":[{"name":"wp","href":"https:\/\/api.w.org\/{rel}","templated":true}]}}